{"id":59,"date":"2023-01-02T19:03:22","date_gmt":"2023-01-02T19:03:22","guid":{"rendered":"https:\/\/neolinguists.us.edu.pl\/?page_id=59"},"modified":"2026-04-08T18:55:43","modified_gmt":"2026-04-08T18:55:43","slug":"biuro-rozkmin","status":"publish","type":"page","link":"https:\/\/neolinguists.us.edu.pl\/index.php\/biuro-rozkmin\/","title":{"rendered":"Biuro Rozkmin"},"content":{"rendered":"\n<p><strong>Biuro Rozkmin: Gender Studies (to be announced)<\/strong><br>(go\u015b\u0107 specjalny: mgr Natalia Greniewska)<br>to be announced<\/p>\n\n\n\n<p><strong>Biuro Rozkmin: to be announced (to be announced)<\/strong> <br>(go\u015b\u0107 specjalny: <a href=\"https:\/\/orcid.org\/0000-0001-7860-7062\" data-type=\"link\" data-id=\"https:\/\/orcid.org\/0000-0001-7860-7062\">dr Natalia Wi\u015bniewska<\/a>)<br>to be announced<\/p>\n\n\n\n<p><strong>Biuro Rozkmin: Audiovisual Translation (to be announced)<\/strong> <br>(go\u015b\u0107 specjalny: <a href=\"https:\/\/www.muni.cz\/en\/people\/427608-tereza-splichalova\/publications\" data-type=\"link\" data-id=\"https:\/\/www.muni.cz\/en\/people\/427608-tereza-splichalova\/publications\">mgr Tereza \u0160pl\u00edchalov\u00e1<\/a>)<br>to be announced<\/p>\n\n\n\n<p><strong>Biuro Rozkmin: Translation (to be announced)<\/strong> <br>(go\u015b\u0107 specjalny: <a href=\"https:\/\/www.iti.org.uk\/directory\/translator\/ms-chris-durban.html?from=french&amp;to=english\" data-type=\"link\" data-id=\"https:\/\/www.iti.org.uk\/directory\/translator\/ms-chris-durban.html?from=french&amp;to=english\">Chris Durban<\/a>)<br>to be announced<\/p>\n\n\n\n<p><strong><a href=\"https:\/\/fb.me\/e\/9i4SFFDbU\" data-type=\"link\" data-id=\"https:\/\/fb.me\/e\/9i4SFFDbU\">Biuro Rozkmin: Translation<\/a><\/strong> (27\/04\/2026 18:30) <br>(go\u015b\u0107 specjalny: mgr Paulina Piwo\u0144)<br>Jak to jest odby\u0107 sta\u017c w Parlamencie Europejskim? Dobrze?<\/p>\n\n\n\n<p><strong><a href=\"https:\/\/fb.me\/e\/6dGJngfuK\" data-type=\"link\" data-id=\"https:\/\/fb.me\/e\/6dGJngfuK\">Biuro Rozkmin: Internet Linguistics<\/a> <\/strong>(16\/04\/2026 17:30)<br>(go\u015b\u0107 specjalny: <a href=\"https:\/\/orcid.org\/0000-0002-5147-5394\" data-type=\"link\" data-id=\"https:\/\/orcid.org\/0000-0002-5147-5394\">dr Beata Bury)<\/a><br>A morphosyntactic analysis of DoggoLingo<\/p>\n\n\n\n<p><strong><a href=\"https:\/\/www.facebook.com\/events\/964129046225235?acontext=%7B&quot;event_action_history&quot;%3A[%7B&quot;surface&quot;%3A&quot;home&quot;%7D%2C%7B&quot;mechanism&quot;%3A&quot;attachment&quot;%2C&quot;surface&quot;%3A&quot;newsfeed&quot;%7D]%2C&quot;ref_notif_type&quot;%3Anull%7D\" data-type=\"link\" data-id=\"https:\/\/www.facebook.com\/events\/964129046225235?acontext=%7B&quot;event_action_history&quot;%3A[%7B&quot;surface&quot;%3A&quot;home&quot;%7D%2C%7B&quot;mechanism&quot;%3A&quot;attachment&quot;%2C&quot;surface&quot;%3A&quot;newsfeed&quot;%7D]%2C&quot;ref_notif_type&quot;%3Anull%7D\">Biuro Rozkmin: Academic Career<\/a> <\/strong>(27\/02\/2026 18:30)<br>To be or not to be a PhD? O kszta\u0142ceniu w Szkole Doktorskiej Uniwersytetu \u015al\u0105skiego w Katowicach (Vol.2)<\/p>\n\n\n\n<p><strong><a href=\"https:\/\/www.facebook.com\/events\/2094477281030703\/?acontext=%7B&quot;event_action_history&quot;%3A[%7B&quot;extra_data&quot;%3A&quot;&quot;%2C&quot;mechanism&quot;%3A&quot;left_rail&quot;%2C&quot;surface&quot;%3A&quot;bookmark&quot;%7D%2C%7B&quot;extra_data&quot;%3A&quot;&quot;%2C&quot;mechanism&quot;%3A&quot;surface&quot;%2C&quot;surface&quot;%3A&quot;create_dialog&quot;%7D]%2C&quot;ref_notif_type&quot;%3Anull%7D&amp;onload_action=open_invite_flow&amp;show_created_event_toast=true\" data-type=\"link\" data-id=\"https:\/\/www.facebook.com\/events\/2094477281030703\/?acontext=%7B&quot;event_action_history&quot;%3A[%7B&quot;extra_data&quot;%3A&quot;&quot;%2C&quot;mechanism&quot;%3A&quot;left_rail&quot;%2C&quot;surface&quot;%3A&quot;bookmark&quot;%7D%2C%7B&quot;extra_data&quot;%3A&quot;&quot;%2C&quot;mechanism&quot;%3A&quot;surface&quot;%2C&quot;surface&quot;%3A&quot;create_dialog&quot;%7D]%2C&quot;ref_notif_type&quot;%3Anull%7D&amp;onload_action=open_invite_flow&amp;show_created_event_toast=true\">Biuro Rozkmin: Language and Culture<\/a><\/strong> (12\/06\/2025 18:30) <br>(go\u015b\u0107 specjalny: <a href=\"https:\/\/us.edu.pl\/instytut\/ij\/osoby\/paulina-polak\/\" data-type=\"link\" data-id=\"https:\/\/us.edu.pl\/instytut\/ij\/osoby\/paulina-polak\/\">dr Paulina Polak<\/a>)<br><em>Mordeczko! Robaczku! <\/em>Zdrobnienia w polszczy\u017anie jako odzwierciedlenie kultury kolektywistycznej<\/p>\n\n\n\n<p><strong><a href=\"https:\/\/www.facebook.com\/events\/1834756917377266\/?acontext=%7B&quot;event_action_history&quot;%3A[%7B&quot;surface&quot;%3A&quot;home&quot;%7D%2C%7B&quot;mechanism&quot;%3A&quot;attachment&quot;%2C&quot;surface&quot;%3A&quot;newsfeed&quot;%7D]%2C&quot;ref_notif_type&quot;%3Anull%7D\" data-type=\"link\" data-id=\"https:\/\/www.facebook.com\/events\/1834756917377266\/?acontext=%7B&quot;event_action_history&quot;%3A[%7B&quot;surface&quot;%3A&quot;home&quot;%7D%2C%7B&quot;mechanism&quot;%3A&quot;attachment&quot;%2C&quot;surface&quot;%3A&quot;newsfeed&quot;%7D]%2C&quot;ref_notif_type&quot;%3Anull%7D\">Biuro Rozkmin: Translation<\/a> <\/strong>(29\/05\/2025 17:30)<br>(go\u015b\u0107 specjalny: <a href=\"https:\/\/stl.org.pl\/profil\/patryk-skorupa\/\" data-type=\"link\" data-id=\"https:\/\/stl.org.pl\/profil\/patryk-skorupa\/\">Patryk Skorupa<\/a> \u2013 t\u0142umacz j. japo\u0144skiego)<br>Jak to jest by\u0107 t\u0142umaczem literackim? Dobrze? <br><em>wsp\u00f3\u0142prowadzenie: Ko\u0142o studenckie TRANSLATORIUM<\/em><\/p>\n\n\n\n<p><strong><a href=\"https:\/\/fb.me\/e\/7Ytp1DrAN\" data-type=\"link\" data-id=\"https:\/\/fb.me\/e\/7Ytp1DrAN\">Biuro Rozkmin: Academic Career<\/a> <\/strong>(08\/05\/2025 18:30)<br>To be or not to be a PhD? O kszta\u0142ceniu w Szkole Doktorskiej Uniwersytetu \u015al\u0105skiego w Katowicach (Vol.1)<\/p>\n\n\n\n<p><a href=\"https:\/\/www.facebook.com\/events\/1718231328729734?acontext=%7B&quot;event_action_history&quot;%3A[%7B&quot;surface&quot;%3A&quot;home&quot;%7D%2C%7B&quot;mechanism&quot;%3A&quot;attachment&quot;%2C&quot;surface&quot;%3A&quot;newsfeed&quot;%7D]%2C&quot;ref_notif_type&quot;%3Anull%7D\" data-type=\"link\" data-id=\"https:\/\/www.facebook.com\/events\/1718231328729734?acontext=%7B&quot;event_action_history&quot;%3A[%7B&quot;surface&quot;%3A&quot;home&quot;%7D%2C%7B&quot;mechanism&quot;%3A&quot;attachment&quot;%2C&quot;surface&quot;%3A&quot;newsfeed&quot;%7D]%2C&quot;ref_notif_type&quot;%3Anull%7D\"><strong>Biuro Rozkmin: Translator Studies<\/strong><\/a> (14\/04\/2025 17:00)<br>(go\u015b\u0107 specjalny: <a href=\"https:\/\/mostwiedzy.pl\/pl\/pawel-golda,2112230921111211-0\" data-type=\"link\" data-id=\"https:\/\/mostwiedzy.pl\/pl\/pawel-golda,2112230921111211-0\">dr Pawe\u0142 Golda<\/a>)<br>You can&#8217;t hide forever Mr Translator! Czyli o wyci\u0105ganiu t\u0142umacza z cienia autora<\/p>\n\n\n\n<p><strong><a href=\"https:\/\/neolinguists.us.edu.pl\/index.php\/2024\/12\/12\/zapraszamy-na-osme-biuro-rozkmin-16-12-o-1700-na-ms-teams\/\" data-type=\"link\" data-id=\"https:\/\/neolinguists.us.edu.pl\/index.php\/2024\/12\/12\/zapraszamy-na-osme-biuro-rozkmin-16-12-o-1700-na-ms-teams\/\">Biuro Rozkmin: Translation<\/a> <\/strong>(16\/12\/2024 17:00) <br>(go\u015b\u0107 specjalny: <a href=\"https:\/\/us.edu.pl\/instytut\/ij\/osoby\/katarzyna-kruk-junger\/\" data-type=\"link\" data-id=\"https:\/\/us.edu.pl\/instytut\/ij\/osoby\/katarzyna-kruk-junger\/\">dr Katarzyna Kruk-Junger<\/a>)<br>Rola umiej\u0119tno\u015bci cz\u0142owieka w dobie AI na przyk\u0142adzie rynku t\u0142umaczeniowego<\/p>\n\n\n\n<p><strong><a href=\"https:\/\/fb.me\/e\/5nAno9JIa\" data-type=\"link\" data-id=\"https:\/\/fb.me\/e\/5nAno9JIa\">Biuro Rozkmin: Onomastics and Translation<\/a> <\/strong>(19\/04\/2024 17:00) <br>Pielgrzany i przydacznie \u2013 jak t\u0142umaczy\u0107 egzotyczne nazwy rodzajowe?<\/p>\n\n\n\n<p><strong><a href=\"https:\/\/www.facebook.com\/events\/1056476338900553?ref=newsfeed\" data-type=\"link\" data-id=\"https:\/\/www.facebook.com\/events\/1056476338900553?ref=newsfeed\">Biuro Rozkmin: Onomastics and Translation<\/a> <\/strong>(01\/02\/2024 17:00) <br>(go\u015b\u0107 specjalny: <a href=\"https:\/\/www.researchgate.net\/profile\/Eliza-Pieciul-Karminska\" data-type=\"URL\" data-id=\"https:\/\/www.researchgate.net\/profile\/Eliza-Pieciul-Karminska\">prof. UAM dr hab. Eliza Pieciul-Karmi\u0144ska<\/a>)<br><em>A rose by any other name would smell as sweet<\/em> \u2014 Czy trudno jest t\u0142umaczy\u0107 imiona?<\/p>\n\n\n\n<p><strong><a href=\"https:\/\/www.facebook.com\/events\/130732549909257?ref=newsfeed\" data-type=\"URL\" data-id=\"https:\/\/www.facebook.com\/events\/130732549909257?ref=newsfeed\">Biuro Rozkmin: Education<\/a> <\/strong>(26\/04\/2023 19:00)<br>Oceni\u0107, przeceni\u0107, wyceni\u0107\u2026\u200b O naszym zami\u0142owaniu do \u0142\u0105czenia warto\u015bci z cyframi<\/p>\n\n\n\n<p><strong><a href=\"https:\/\/www.facebook.com\/events\/157401357203070?ref=newsfeed\" data-type=\"URL\" data-id=\"https:\/\/www.facebook.com\/events\/157401357203070?ref=newsfeed\">Biuro Rozkmin: Discourse in Sociology<\/a><\/strong> (06\/04\/2023 19:00)<br>Jak o nas m\u00f3wi\u0105 gdy nas nie ma i jak to na nas wp\u0142ywa?<\/p>\n\n\n\n<p><a href=\"https:\/\/www.facebook.com\/events\/932131757821030\/?ref=newsfeed\" data-type=\"URL\" data-id=\"https:\/\/www.facebook.com\/events\/932131757821030\/?ref=newsfeed\"><strong>Biuro Rozkmin:<\/strong> <strong>Language Contact<\/strong><\/a> (19\/03\/2023 19:00)<br>Karaoke i pla\u017cing \u2014 po co nam zapo\u017cyczenia?<\/p>\n\n\n\n<p><strong><a href=\"https:\/\/www.facebook.com\/events\/3819489574843085\/?ref=newsfeed\" data-type=\"URL\" data-id=\"https:\/\/www.facebook.com\/events\/3819489574843085\/?ref=newsfeed\">Biuro Rozkmin: Animal Studies<\/a> <\/strong>(20\/04\/2021 13:45) <br>O kr\u00f3lestwie, z kt\u00f3rego cz\u0142owiek wygna\u0142 sam siebie, czyli o zwierz\u0119tach<\/p>\n\n\n\n<p><strong><a href=\"https:\/\/www.facebook.com\/events\/1240557499679242\/?ref=newsfeed\" data-type=\"URL\" data-id=\"https:\/\/www.facebook.com\/events\/1240557499679242\/?ref=newsfeed\">Biuro Rozkmin: Semiotics <\/a><\/strong>(30\/03\/2021 13:45)<br>Teoria znak\u00f3w: najpierw w pigu\u0142ce, potem w praktyce<\/p>\n","protected":false},"excerpt":{"rendered":"<p>Biuro Rozkmin: Gender Studies (to be announced)(go\u015b\u0107 specjalny: mgr Natalia Greniewska)to be announced Biuro Rozkmin: to be announced (to be announced) (go\u015b\u0107 specjalny: dr Natalia Wi\u015bniewska)to&#46;&#46;&#46;<\/p>\n","protected":false},"author":1,"featured_media":0,"parent":0,"menu_order":0,"comment_status":"closed","ping_status":"closed","template":"","meta":{"_acf_changed":false,"footnotes":""},"class_list":["post-59","page","type-page","status-publish","hentry"],"acf":[],"_links":{"self":[{"href":"https:\/\/neolinguists.us.edu.pl\/index.php\/wp-json\/wp\/v2\/pages\/59","targetHints":{"allow":["GET"]}}],"collection":[{"href":"https:\/\/neolinguists.us.edu.pl\/index.php\/wp-json\/wp\/v2\/pages"}],"about":[{"href":"https:\/\/neolinguists.us.edu.pl\/index.php\/wp-json\/wp\/v2\/types\/page"}],"author":[{"embeddable":true,"href":"https:\/\/neolinguists.us.edu.pl\/index.php\/wp-json\/wp\/v2\/users\/1"}],"replies":[{"embeddable":true,"href":"https:\/\/neolinguists.us.edu.pl\/index.php\/wp-json\/wp\/v2\/comments?post=59"}],"version-history":[{"count":27,"href":"https:\/\/neolinguists.us.edu.pl\/index.php\/wp-json\/wp\/v2\/pages\/59\/revisions"}],"predecessor-version":[{"id":932,"href":"https:\/\/neolinguists.us.edu.pl\/index.php\/wp-json\/wp\/v2\/pages\/59\/revisions\/932"}],"wp:attachment":[{"href":"https:\/\/neolinguists.us.edu.pl\/index.php\/wp-json\/wp\/v2\/media?parent=59"}],"curies":[{"name":"wp","href":"https:\/\/api.w.org\/{rel}","templated":true}]}}