{"id":27,"date":"2023-01-02T18:14:02","date_gmt":"2023-01-02T18:14:02","guid":{"rendered":"https:\/\/neolinguists.us.edu.pl\/?page_id=27"},"modified":"2023-09-28T11:13:36","modified_gmt":"2023-09-28T11:13:36","slug":"about-us","status":"publish","type":"page","link":"https:\/\/neolinguists.us.edu.pl\/index.php\/about-us\/","title":{"rendered":"About us"},"content":{"rendered":"\n<p><strong>Ko\u0142o Naukowe NEOlinguists<\/strong> zrzesza m\u0142odych badaczy j\u0119zykoznawstwa i literaturoznawstwa dzia\u0142aj\u0105cych na Uniwersytecie \u015al\u0105skim w Katowicach \u2014 ma ono charakter naukowo-badawczy i zajmuje si\u0119 szeroko rozumian\u0105 tematyk\u0105 j\u0119zyk\u00f3w obcych. <\/p>\n\n\n\n<p>Ko\u0142o ma charakter interdyscyplinarny, \u0142\u0105czy dyscypliny neofilologiczne z tematyk\u0105 nauk humanistycznych, takich jak psychologia czy socjologia.<\/p>\n\n\n\n<p>Celem dzia\u0142alno\u015bci Ko\u0142a jest pog\u0142\u0119bianie i propagowanie wiedzy na temat j\u0119zyk\u00f3w obcych oraz nauk humanistycznych i spo\u0142ecznych, dzia\u0142anie na rzecz edukacji w zakresie neofilologii oraz wsp\u00f3lne prowadzenie prac naukowo-badawczych nad zjawiskami j\u0119zykowymi i tekstami kultury.<\/p>\n\n\n\n<p>Kieruj\u0105c si\u0119 inter- oraz transdyscyplinarno\u015bci\u0105 bada\u0144 i metodologii wsp\u00f3\u0142czesnej humanistyki, cz\u0142onkowie Ko\u0142a pragn\u0105 dzieli\u0107 si\u0119 wiedz\u0105 i do\u015bwiadczeniem w obr\u0119bie nast\u0119puj\u0105cych dziedzin: <em><a href=\"https:\/\/www.facebook.com\/events\/932131757821030\/?ref=newsfeed\" data-type=\"URL\" data-id=\"https:\/\/www.facebook.com\/events\/932131757821030\/?ref=newsfeed\">j\u0119zyki obce<\/a><\/em>, <em><a href=\"https:\/\/www.facebook.com\/events\/1240557499679242\/?ref=newsfeed\" data-type=\"URL\" data-id=\"https:\/\/www.facebook.com\/events\/1240557499679242\/?ref=newsfeed\">media<\/a><\/em>, <em>kultura<\/em>, <em>translacja<\/em>, <em>literatura<\/em>, <em>kognitywizm<\/em>, <em>komunikacjonizm<\/em>, <em><a href=\"https:\/\/www.facebook.com\/events\/3819489574843085\/?ref=newsfeed\" data-type=\"URL\" data-id=\"https:\/\/www.facebook.com\/events\/3819489574843085\/?ref=newsfeed\">interdyscyplinarno\u015b\u0107 wsp\u00f3\u0142czesnej humanistyki<\/a><\/em>, <em><a href=\"https:\/\/www.facebook.com\/events\/130732549909257?ref=newsfeed\" data-type=\"URL\" data-id=\"https:\/\/www.facebook.com\/events\/130732549909257?ref=newsfeed\">glottodydaktyka<\/a><\/em>, oraz <em><a href=\"https:\/\/www.facebook.com\/events\/157401357203070?ref=newsfeed\" data-type=\"URL\" data-id=\"https:\/\/www.facebook.com\/events\/157401357203070?ref=newsfeed\">analiza dyskursu<\/a><\/em>.<\/p>\n\n\n\n<div class=\"wp-block-group is-vertical is-layout-flex wp-container-core-group-is-layout-8cf370e7 wp-block-group-is-layout-flex\"><\/div>\n\n\n\n<p class=\"has-text-align-center\">Zapraszamy do wsp\u00f3\u0142pracy wszystkich zainteresowanych student\u00f3w oraz doktorant\u00f3w:<\/p>\n\n\n\n<p class=\"has-text-align-center has-medium-font-size\"><strong><em>neolinguists@us.edu.pl<\/em><\/strong><\/p>\n\n\n\n<p>Nasz\u0105 inicjatyw\u0105 jest konferencja naukowa <strong>Humor Research Project<\/strong>. Celem konferencji jest umo\u017cliwienie wymiany pogl\u0105d\u00f3w na temat postrzegania humoru przez pryzmat r\u00f3\u017cnych paradygmat\u00f3w. Mamy nadziej\u0119, \u017ce konferencja stanie si\u0119 szans\u0105 na przyjrzenie si\u0119 zjawisku humoru oraz jego interdyscyplinarnemu i uniwersalnemu charakterowi, a tak\u017ce zach\u0119ci uczestnik\u00f3w do debaty nad miejscem humoru w j\u0119zyku, kulturze i badaniach naukowych. Pragniemy zaprosi\u0107 wszystkich badaczy do uczestnictwa w tym wydarzeniu, kt\u00f3re obejmuje perspektyw\u0119 j\u0119zykoznawcz\u0105, (mi\u0119dzy)kulturow\u0105, literaturoznawcz\u0105 i translatoryczn\u0105.<\/p>\n\n\n\n<p>Tematyka konferencji oscyluje wok\u00f3\u0142: <br>&#8211; r\u00f3\u017cnych realizacji humoru w literaturze i t\u0142umaczeniach; <br>&#8211; humoru postrzeganym przez pryzmat j\u0119zykoznawstwa;<br>&#8211; kulturowych, mi\u0119dzykulturowych i wielokulturowych aspekt\u00f3w humoru;<br>&#8211; humoru w analizie dyskursu;<br>&#8211; przyk\u0142ad\u00f3w humoru w badaniach nad mediami i wizualno\u015bci\u0105;<br>&#8211; roli humoru w metodyce i nauczaniu;<br>&#8211; znaczenia humoru i \u015bmiechu w poznaniu i interakcji spo\u0142ecznej;<br>&#8211; rozwa\u017ca\u0144 teoretycznych na temat istniej\u0105cych bada\u0144 nad humorem;<\/p>\n\n\n\n<div class=\"wp-block-group is-vertical is-layout-flex wp-container-core-group-is-layout-8cf370e7 wp-block-group-is-layout-flex\"><\/div>\n\n\n\n<p><\/p>\n\n\n\n<p>Ponadto anga\u017cujemy si\u0119 w takie wydarzenia jak <strong>\u015al\u0105ski Festiwal Nauki<\/strong> oraz <strong><a href=\"https:\/\/neolinguists.us.edu.pl\/index.php\/category\/noc-anglistow\/\" data-type=\"URL\" data-id=\"https:\/\/neolinguists.us.edu.pl\/index.php\/category\/noc-anglistow\/\">Noc Anglist\u00f3w<\/a><\/strong>. Od czasu do czasu go\u015bcimy w szko\u0142ach z <strong><a href=\"https:\/\/neolinguists.us.edu.pl\/index.php\/category\/workshops\/\" data-type=\"URL\" data-id=\"https:\/\/neolinguists.us.edu.pl\/index.php\/category\/workshops\/\">warsztatami<\/a><\/strong> i realizujemy inicjatyw\u0119<strong> <a href=\"https:\/\/neolinguists.us.edu.pl\/index.php\/category\/biuro-rozkmin\/\" data-type=\"URL\" data-id=\"https:\/\/neolinguists.us.edu.pl\/index.php\/category\/biuro-rozkmin\/\">Biuro Rozkmin<\/a><\/strong>, kt\u00f3ra ma form\u0119 otwartych spotka\u0144, podczas kt\u00f3rych poruszamy r\u00f3\u017cnorodne tematy.<\/p>\n\n\n\n<p class=\"has-text-align-center\">Zach\u0119camy do do\u0142\u0105czenia!<\/p>\n\n\n\n<p class=\"has-text-align-center has-medium-font-size\">Szukajcie nas na <a href=\"https:\/\/www.facebook.com\/profile.php?id=100066820444270\" data-type=\"URL\" data-id=\"https:\/\/www.facebook.com\/profile.php?id=100066820444270\">Facebooku<\/a> i <a href=\"https:\/\/www.instagram.com\/neolinguists\/\" data-type=\"URL\" data-id=\"https:\/\/www.instagram.com\/neolinguists\/\">Instagramie<\/a><\/p>\n","protected":false},"excerpt":{"rendered":"<p>Ko\u0142o Naukowe NEOlinguists zrzesza m\u0142odych badaczy j\u0119zykoznawstwa i literaturoznawstwa dzia\u0142aj\u0105cych na Uniwersytecie \u015al\u0105skim w Katowicach \u2014 ma ono charakter naukowo-badawczy i zajmuje si\u0119 szeroko rozumian\u0105 tematyk\u0105&#46;&#46;&#46;<\/p>\n","protected":false},"author":1,"featured_media":0,"parent":0,"menu_order":0,"comment_status":"closed","ping_status":"closed","template":"","meta":{"_acf_changed":false,"footnotes":""},"class_list":["post-27","page","type-page","status-publish","hentry"],"acf":[],"_links":{"self":[{"href":"https:\/\/neolinguists.us.edu.pl\/index.php\/wp-json\/wp\/v2\/pages\/27","targetHints":{"allow":["GET"]}}],"collection":[{"href":"https:\/\/neolinguists.us.edu.pl\/index.php\/wp-json\/wp\/v2\/pages"}],"about":[{"href":"https:\/\/neolinguists.us.edu.pl\/index.php\/wp-json\/wp\/v2\/types\/page"}],"author":[{"embeddable":true,"href":"https:\/\/neolinguists.us.edu.pl\/index.php\/wp-json\/wp\/v2\/users\/1"}],"replies":[{"embeddable":true,"href":"https:\/\/neolinguists.us.edu.pl\/index.php\/wp-json\/wp\/v2\/comments?post=27"}],"version-history":[{"count":7,"href":"https:\/\/neolinguists.us.edu.pl\/index.php\/wp-json\/wp\/v2\/pages\/27\/revisions"}],"predecessor-version":[{"id":510,"href":"https:\/\/neolinguists.us.edu.pl\/index.php\/wp-json\/wp\/v2\/pages\/27\/revisions\/510"}],"wp:attachment":[{"href":"https:\/\/neolinguists.us.edu.pl\/index.php\/wp-json\/wp\/v2\/media?parent=27"}],"curies":[{"name":"wp","href":"https:\/\/api.w.org\/{rel}","templated":true}]}}